{"id":127,"date":"2014-06-24T16:10:16","date_gmt":"2014-06-24T14:10:16","guid":{"rendered":"http:\/\/tierhilfe-alf.de\/ALF\/?page_id=127"},"modified":"2021-02-16T17:43:01","modified_gmt":"2021-02-16T15:43:01","slug":"zur-startseite","status":"publish","type":"page","link":"http:\/\/tierhilfe-alf.de\/ALF\/","title":{"rendered":"Willkommen"},"content":{"rendered":"<p style=\"text-align: center;\"><span style=\"font-size: 16pt; color: #000080;\">beim Tierhilfe-A.L.F. e.V. <img loading=\"lazy\" decoding=\"async\" class=\"alignnone size-full wp-image-15089\" src=\"http:\/\/tierhilfe-alf.de\/ALF\/wp-content\/uploads\/2020\/08\/animiertes-hund-katze-bild-0005.gif\" alt=\"\" width=\"181\" height=\"180\" \/><br \/>\n<\/span><\/p>\n<p>Neues gibt e<strong>s<\/strong> im Bereich <strong>Links\/Bannertausch<\/strong>. Hier k\u00f6nnt ihr uns <strong>Spenden<\/strong> in dem Ihr bei unseren Partnern, <strong>ohne Zusatzkosten<\/strong> f\u00fcr euch, wie <strong>Amazon, Zooplus, diverse Hundeartikel, Hundegeschirre, &#8230;<\/strong> einkaufen geht und wir erhalten dadurch eine kleine Spende. Auch ist der Bereich NEU:<br \/>\n<strong>&#8222;Wie k\u00f6nnen wir helfen&#8220;<\/strong><br \/>\nBei den Vermittlungen werden wir auch ab sofort eine Rubrik einrichten, wo unsere vermittelten Tiere eingestellt werden mit Bild.<br \/>\nDa dieser Bereich neu ist m\u00f6chten wir unsere Adoptanten bitten ein Foto mit Name, Vermittlungmonat und Jahr an Ricci@tierhilfe-alf.de zu senden.<br \/>\nDiese stellen wir dann nachtr\u00e4glich ein.<\/p>\n<p style=\"text-align: center;\">Wir freuen uns euch begr\u00fc\u00dfen zu d\u00fcrfen.<\/p>\n<p style=\"text-align: center;\">Eurer Tierhilfe ALF Team<\/p>\n<p style=\"text-align: center;\">\n<p style=\"text-align: justify;\">Der Tierhilfe-A.L.F. e.V. ist ein eingetragener Verein mit anerkannter Gemeinn\u00fctzigkeit und \u00a711 Abs. 1 Nr. 5 TierSchG. Die Organisationen mit denen wir zusammenarbeiten arbeiten gegen eine Weitervermehrung von Stra\u00dfentieren. Retten Tiere aus der T\u00f6tung, operieren halterlose Tiere, veranstalten Kastrationsprojekte und beherbergen Tiere bis zu ihrer Vermittlung.<\/p>\n<p style=\"text-align: justify;\">Die Tierheime, die wir unterst\u00fctzen beherbergen durchschnittlich je 250 Hunde und 100 Katzen. Um weiteres Tierelend zu vermeiden unterst\u00fctzen wir Kastrationsprojekte, Aufkl\u00e4rungskampagnen und vermitteln die dort aufgenommen Tiere. Die Tiere und Tierheime die wir unterst\u00fctzen haben ein schweres Los zu tragen da leider immer noch Welpen, nicht mehr ben\u00f6tigte Tiere, gro\u00df gewordene Welpen, \u00e4ltere Tiere oder Handycap Tiere einfach weggeworfen oder ausgesetzt werden oder sogar in die T\u00f6tung gegeben werden. Deren Aufzucht, Versorgung und Genesung verursacht oftmals immense Kosten.<\/p>\n<p><span style=\"font-size: 16pt; color: #000080;\"><strong>&gt;&gt;&gt; Helfen Sie uns zu helfen &lt;&lt;&lt;<\/strong><\/span><\/p>\n<p>Vielleicht mit einer Spende<\/p>\n<p style=\"text-align: left;\"><span style=\"font-family: Arial Black; font-size: small;\">Deutsche Bank<br \/>\nKto. 4147880<br \/>\nBlz. 36570024<\/span><\/p>\n<p><span style=\"font-family: Arial Black; font-size: small;\">IBAN:<br \/>\nDE24365700240414788000<br \/>\nBIC\/SWIFT-Code:<br \/>\nDEUTDEDB365<\/span><b><br \/>\n<span style=\"color: #0000ff;\"><br \/>\n<span style=\"font-family: Arial Black; font-size: small;\">Oder spenden Sie bitte<br \/>\n\u00fcber unsere Partner<\/span><\/span><\/b><\/p>\n<form action=\"https:\/\/www.paypal.com\/cgi-bin\/webscr\" method=\"post\" target=\"_top\"><img loading=\"lazy\" decoding=\"async\" src=\"https:\/\/www.paypalobjects.com\/de_DE\/i\/scr\/pixel.gif\" alt=\"\" width=\"1\" height=\"1\" border=\"0\" \/><a href=\"https:\/\/www.spendenportal.de\/projekte\/projekt\/8286\" target=\"_blank\" rel=\"noopener noreferrer\"><img loading=\"lazy\" decoding=\"async\" src=\"http:\/\/www.tierhilfe-alf.de\/GrafikenALF\/Spendenportal.jpg\" alt=\"\" width=\"108\" height=\"140\" \/><b><\/b><\/a><b>\u00a0<\/b><b> <span style=\"color: #0000ff;\"> <span style=\"font-family: Arial Black; font-size: small;\"> \u00dcber PayPal<\/span><\/span><\/b><b><span style=\"color: #0000ff;\"><span style=\"font-family: Arial Black; font-size: large;\"> <input name=\"cmd\" type=\"hidden\" value=\"_s-xclick\" \/> <input name=\"hosted_button_id\" type=\"hidden\" value=\"Q3T7H7QJTC252\" \/> <input alt=\"Jetzt einfach, schnell und sicher online bezahlen \u2013 mit PayPal.\" name=\"submit\" src=\"https:\/\/www.paypal.com\/de_DE\/DE\/i\/btn\/btn_donateCC_LG.gif\" type=\"image\" \/> <img loading=\"lazy\" decoding=\"async\" src=\"https:\/\/www.paypal.com\/de_DE\/i\/scr\/pixel.gif\" alt=\"\" width=\"1\" height=\"1\" border=\"0\" \/> <\/span> <\/span> <\/b><\/form>\n<p style=\"text-align: left;\">\u00a0&#8212;&#8212;&#8212;&#8212;&#8212;&#8212;&#8212;&#8212;&#8212;&#8212;&#8212;&#8212;&#8212;&#8212;&#8212;&#8212;&#8212;&#8212;&#8212;&#8212;&#8212;&#8212;&#8212;&#8212;&#8212;&#8212;&#8212;&#8212;&#8212;&#8212;&#8212;&#8212;&#8212;-<\/p>\n<p style=\"text-align: left;\"><span style=\"color: #663300; font-family: Arial Black;\">Gott w\u00fcnscht, dass wir den Tieren beistehen, wenn es vonn\u00f6ten ist.<br \/>\nEin jedes Wesen in Bedr\u00e4ngnis hat gleiches Recht auf Schutz.<\/span><br \/>\n<img loading=\"lazy\" decoding=\"async\" src=\"http:\/\/www.tierhilfe-alf.de\/GrafikenALF\/Europa.jpg\" alt=\"Europa\" width=\"219\" height=\"150\" \/><\/p>\n","protected":false},"excerpt":{"rendered":"<p>beim Tierhilfe-A.L.F. e.V. Neues gibt es im Bereich Links\/Bannertausch. Hier k\u00f6nnt ihr uns Spenden in dem Ihr bei unseren Partnern, ohne Zusatzkosten f\u00fcr euch, wie Amazon, Zooplus, diverse Hundeartikel, Hundegeschirre, &#8230; einkaufen geht und wir erhalten dadurch eine kleine Spende. Auch ist der Bereich NEU: &#8222;Wie k\u00f6nnen wir helfen&#8220; Bei den Vermittlungen werden wir auch &hellip; <a href=\"http:\/\/tierhilfe-alf.de\/ALF\/\" class=\"more-link\"><span class=\"screen-reader-text\">Willkommen<\/span> weiterlesen <span class=\"meta-nav\">&rarr;<\/span><\/a><\/p>\n","protected":false},"author":1,"featured_media":0,"parent":0,"menu_order":0,"comment_status":"closed","ping_status":"closed","template":"","meta":{"footnotes":""},"_links":{"self":[{"href":"http:\/\/tierhilfe-alf.de\/ALF\/index.php?rest_route=\/wp\/v2\/pages\/127"}],"collection":[{"href":"http:\/\/tierhilfe-alf.de\/ALF\/index.php?rest_route=\/wp\/v2\/pages"}],"about":[{"href":"http:\/\/tierhilfe-alf.de\/ALF\/index.php?rest_route=\/wp\/v2\/types\/page"}],"author":[{"embeddable":true,"href":"http:\/\/tierhilfe-alf.de\/ALF\/index.php?rest_route=\/wp\/v2\/users\/1"}],"replies":[{"embeddable":true,"href":"http:\/\/tierhilfe-alf.de\/ALF\/index.php?rest_route=%2Fwp%2Fv2%2Fcomments&post=127"}],"version-history":[{"count":92,"href":"http:\/\/tierhilfe-alf.de\/ALF\/index.php?rest_route=\/wp\/v2\/pages\/127\/revisions"}],"predecessor-version":[{"id":17700,"href":"http:\/\/tierhilfe-alf.de\/ALF\/index.php?rest_route=\/wp\/v2\/pages\/127\/revisions\/17700"}],"wp:attachment":[{"href":"http:\/\/tierhilfe-alf.de\/ALF\/index.php?rest_route=%2Fwp%2Fv2%2Fmedia&parent=127"}],"curies":[{"name":"wp","href":"https:\/\/api.w.org\/{rel}","templated":true}]}}