{"id":14962,"date":"2020-08-15T12:43:18","date_gmt":"2020-08-15T10:43:18","guid":{"rendered":"http:\/\/tierhilfe-alf.de\/ALF\/?post_type=product&#038;p=14962"},"modified":"2021-09-22T19:24:58","modified_gmt":"2021-09-22T17:24:58","slug":"mario-geb-05-2017-jumilla","status":"publish","type":"product","link":"http:\/\/tierhilfe-alf.de\/ALF\/?product=mario-geb-05-2017-jumilla","title":{"rendered":"Mario"},"content":{"rendered":"<div class=\"\" dir=\"auto\">\n<div id=\"jsc_c_3w\" class=\"ecm0bbzt hv4rvrfc ihqw7lf3 dati1w0a\" data-ad-comet-preview=\"message\" data-ad-preview=\"message\">\n<div class=\"j83agx80 cbu4d94t ew0dbk1b irj2b8pg\">\n<div class=\"qzhwtbm6 knvmm38d\">\n<div class=\"kvgmc6g5 cxmmr5t8 oygrvhab hcukyx3x c1et5uql ii04i59q\">\n<div dir=\"auto\">Name: Mario<\/div>\n<div dir=\"auto\">Rasse: Mestizo<\/div>\n<div dir=\"auto\">Geschlecht: R\u00fcde &#8218; kastriert<\/div>\n<div dir=\"auto\">Geboren: Mai 2017<\/div>\n<div dir=\"auto\">Gr\u00f6sse: SH 65 cm<\/div>\n<div dir=\"auto\">Gewicht: 28 kg<\/div>\n<div dir=\"auto\">Aufenthaltsort: Spanien- Tierheim (Jumilla)<\/div>\n<\/div>\n<div class=\"o9v6fnle cxmmr5t8 oygrvhab hcukyx3x c1et5uql ii04i59q\">\n<div dir=\"auto\">Streunernd \u00fcbers Land, ganz auf sich gestellt <span class=\"q9uorilb tbxw36s4 knj5qynh kvgmc6g5 ditlmg2l oygrvhab nvdbi5me fgm26odu gl3lb2sf hhz5lgdu\"><img loading=\"lazy\" decoding=\"async\" src=\"https:\/\/static.xx.fbcdn.net\/images\/emoji.php\/v9\/t71\/1\/16\/1f614.png\" alt=\"\ud83d\ude14\" width=\"16\" height=\"16\" \/><\/span> wurde Mario gefunden und ins Terheim gebracht.<\/div>\n<\/div>\n<div class=\"o9v6fnle cxmmr5t8 oygrvhab hcukyx3x c1et5uql ii04i59q\">\n<div dir=\"auto\">Dort ist er die gr\u00f6\u00dfte Schmusebacke <span class=\"q9uorilb tbxw36s4 knj5qynh kvgmc6g5 ditlmg2l oygrvhab nvdbi5me fgm26odu gl3lb2sf hhz5lgdu\"><img loading=\"lazy\" decoding=\"async\" src=\"https:\/\/static.xx.fbcdn.net\/images\/emoji.php\/v9\/tea\/1\/16\/1f970.png\" alt=\"\ud83e\udd70\" width=\"16\" height=\"16\" \/><\/span>&#8218; und das ist nicht auf seine Gr\u00f6sse bezogen! Nein&#8216; er umarmt die Menschen richtig und w\u00fcrde am liebsten nur gestreichelt und beschmust werden. <span class=\"q9uorilb tbxw36s4 knj5qynh kvgmc6g5 ditlmg2l oygrvhab nvdbi5me fgm26odu gl3lb2sf hhz5lgdu\"><img loading=\"lazy\" decoding=\"async\" src=\"https:\/\/static.xx.fbcdn.net\/images\/emoji.php\/v9\/tac\/1\/16\/2665.png\" alt=\"\u2665\ufe0f\" width=\"16\" height=\"16\" \/><\/span><\/div>\n<\/div>\n<div class=\"o9v6fnle cxmmr5t8 oygrvhab hcukyx3x c1et5uql ii04i59q\">\n<div dir=\"auto\">Er sehnt sich so sehr nach Liebe <span class=\"q9uorilb tbxw36s4 knj5qynh kvgmc6g5 ditlmg2l oygrvhab nvdbi5me fgm26odu gl3lb2sf hhz5lgdu\"><img loading=\"lazy\" decoding=\"async\" src=\"https:\/\/static.xx.fbcdn.net\/images\/emoji.php\/v9\/tac\/1\/16\/2665.png\" alt=\"\u2665\ufe0f\" width=\"16\" height=\"16\" \/><\/span> und Aufmerksamkeit! Das Team im Tierheim gibt ihr Bestes diesem tollen Kerl so viel Schmuseeinheiten zu gew\u00e4hren wie nur m\u00f6glich, aber ihre Zeit ist knapp bemessen. <span class=\"q9uorilb tbxw36s4 knj5qynh kvgmc6g5 ditlmg2l oygrvhab nvdbi5me fgm26odu gl3lb2sf hhz5lgdu\"><img loading=\"lazy\" decoding=\"async\" src=\"https:\/\/static.xx.fbcdn.net\/images\/emoji.php\/v9\/t71\/1\/16\/1f614.png\" alt=\"\ud83d\ude14\" width=\"16\" height=\"16\" \/><\/span><\/div>\n<\/div>\n<div class=\"o9v6fnle cxmmr5t8 oygrvhab hcukyx3x c1et5uql ii04i59q\">\n<div dir=\"auto\">Daher erhoffen wir uns alle, den liebevollen Mario endlich in SEIN Zuhause zu bringen <span class=\"q9uorilb tbxw36s4 knj5qynh kvgmc6g5 ditlmg2l oygrvhab nvdbi5me fgm26odu gl3lb2sf hhz5lgdu\"><img loading=\"lazy\" decoding=\"async\" src=\"https:\/\/static.xx.fbcdn.net\/images\/emoji.php\/v9\/t77\/1\/16\/1f3e1.png\" alt=\"\ud83c\udfe1\" width=\"16\" height=\"16\" \/><\/span><span class=\"q9uorilb tbxw36s4 knj5qynh kvgmc6g5 ditlmg2l oygrvhab nvdbi5me fgm26odu gl3lb2sf hhz5lgdu\"><img loading=\"lazy\" decoding=\"async\" src=\"https:\/\/static.xx.fbcdn.net\/images\/emoji.php\/v9\/tac\/1\/16\/2665.png\" alt=\"\u2665\ufe0f\" width=\"16\" height=\"16\" \/><\/span>, wo er all das bekommt, wie er es verdient hat <span class=\"q9uorilb tbxw36s4 knj5qynh kvgmc6g5 ditlmg2l oygrvhab nvdbi5me fgm26odu gl3lb2sf hhz5lgdu\"><img loading=\"lazy\" decoding=\"async\" src=\"https:\/\/static.xx.fbcdn.net\/images\/emoji.php\/v9\/teb\/1\/16\/2763.png\" alt=\"\u2763\" width=\"16\" height=\"16\" \/><\/span><span class=\"q9uorilb tbxw36s4 knj5qynh kvgmc6g5 ditlmg2l oygrvhab nvdbi5me fgm26odu gl3lb2sf hhz5lgdu\"><img loading=\"lazy\" decoding=\"async\" src=\"https:\/\/static.xx.fbcdn.net\/images\/emoji.php\/v9\/teb\/1\/16\/2763.png\" alt=\"\u2763\" width=\"16\" height=\"16\" \/><\/span><\/div>\n<\/div>\n<div class=\"o9v6fnle cxmmr5t8 oygrvhab hcukyx3x c1et5uql ii04i59q\">\n<div dir=\"auto\">Auch darf gerne ein Ersthund vorhanden sein, denn Mario ist noch sehr verspielt und mag all seine Artgenossen. <span class=\"q9uorilb tbxw36s4 knj5qynh kvgmc6g5 ditlmg2l oygrvhab nvdbi5me fgm26odu gl3lb2sf hhz5lgdu\"><img loading=\"lazy\" decoding=\"async\" src=\"https:\/\/static.xx.fbcdn.net\/images\/emoji.php\/v9\/tc3\/1\/16\/1f4a8.png\" alt=\"\ud83d\udca8\" width=\"16\" height=\"16\" \/><\/span><span class=\"q9uorilb tbxw36s4 knj5qynh kvgmc6g5 ditlmg2l oygrvhab nvdbi5me fgm26odu gl3lb2sf hhz5lgdu\"><img loading=\"lazy\" decoding=\"async\" src=\"https:\/\/static.xx.fbcdn.net\/images\/emoji.php\/v9\/tde\/1\/16\/1f43e.png\" alt=\"\ud83d\udc3e\" width=\"16\" height=\"16\" \/><\/span><span class=\"q9uorilb tbxw36s4 knj5qynh kvgmc6g5 ditlmg2l oygrvhab nvdbi5me fgm26odu gl3lb2sf hhz5lgdu\"><img loading=\"lazy\" decoding=\"async\" src=\"https:\/\/static.xx.fbcdn.net\/images\/emoji.php\/v9\/tac\/1\/16\/2665.png\" alt=\"\u2665\ufe0f\" width=\"16\" height=\"16\" \/><\/span> Dabei wird er oft seine lustigen Seiten zeigen und viel Freude bringen <span class=\"q9uorilb tbxw36s4 knj5qynh kvgmc6g5 ditlmg2l oygrvhab nvdbi5me fgm26odu gl3lb2sf hhz5lgdu\"><img loading=\"lazy\" decoding=\"async\" src=\"https:\/\/static.xx.fbcdn.net\/images\/emoji.php\/v9\/td2\/1\/16\/1f604.png\" alt=\"\ud83d\ude04\" width=\"16\" height=\"16\" \/><\/span><\/div>\n<\/div>\n<div class=\"o9v6fnle cxmmr5t8 oygrvhab hcukyx3x c1et5uql ii04i59q\">\n<div dir=\"auto\">Wie Mario auf Kinder, oder Katzen reagiert k\u00f6nnen wir bisher noch nicht sagen.<\/div>\n<\/div>\n<div class=\"o9v6fnle cxmmr5t8 oygrvhab hcukyx3x c1et5uql ii04i59q\">\n<div dir=\"auto\">Hast Du noch einen Platz im Herzen <span class=\"q9uorilb tbxw36s4 knj5qynh kvgmc6g5 ditlmg2l oygrvhab nvdbi5me fgm26odu gl3lb2sf hhz5lgdu\"><img loading=\"lazy\" decoding=\"async\" src=\"https:\/\/static.xx.fbcdn.net\/images\/emoji.php\/v9\/tac\/1\/16\/2665.png\" alt=\"\u2665\ufe0f\" width=\"16\" height=\"16\" \/><\/span> f\u00fcr unseren Mario frei ? <span class=\"q9uorilb tbxw36s4 knj5qynh kvgmc6g5 ditlmg2l oygrvhab nvdbi5me fgm26odu gl3lb2sf hhz5lgdu\"><img loading=\"lazy\" decoding=\"async\" src=\"https:\/\/static.xx.fbcdn.net\/images\/emoji.php\/v9\/t77\/1\/16\/1f3e1.png\" alt=\"\ud83c\udfe1\" width=\"16\" height=\"16\" \/><\/span><span class=\"q9uorilb tbxw36s4 knj5qynh kvgmc6g5 ditlmg2l oygrvhab nvdbi5me fgm26odu gl3lb2sf hhz5lgdu\"><img loading=\"lazy\" decoding=\"async\" src=\"https:\/\/static.xx.fbcdn.net\/images\/emoji.php\/v9\/t87\/1\/16\/1f340.png\" alt=\"\ud83c\udf40\" width=\"16\" height=\"16\" \/><\/span><span class=\"q9uorilb tbxw36s4 knj5qynh kvgmc6g5 ditlmg2l oygrvhab nvdbi5me fgm26odu gl3lb2sf hhz5lgdu\"><img loading=\"lazy\" decoding=\"async\" src=\"https:\/\/static.xx.fbcdn.net\/images\/emoji.php\/v9\/t80\/1\/16\/1f64f.png\" alt=\"\ud83d\ude4f\" width=\"16\" height=\"16\" \/><\/span><\/div>\n<\/div>\n<div class=\"o9v6fnle cxmmr5t8 oygrvhab hcukyx3x c1et5uql ii04i59q\">\n<div dir=\"auto\">Dann f\u00fcllt bitte einfach die Selbstauskunft aus, wir melden uns dann zeitnah zur\u00fcck.<span class=\"q9uorilb tbxw36s4 knj5qynh kvgmc6g5 ditlmg2l oygrvhab nvdbi5me fgm26odu gl3lb2sf hhz5lgdu\"><img loading=\"lazy\" decoding=\"async\" src=\"https:\/\/static.xx.fbcdn.net\/images\/emoji.php\/v9\/tfc\/1\/16\/1f44d.png\" alt=\"\ud83d\udc4d\" width=\"16\" height=\"16\" \/><\/span><\/div>\n<\/div>\n<div class=\"o9v6fnle cxmmr5t8 oygrvhab hcukyx3x c1et5uql ii04i59q\">\n<div dir=\"auto\"><span class=\"q9uorilb tbxw36s4 knj5qynh kvgmc6g5 ditlmg2l oygrvhab nvdbi5me fgm26odu gl3lb2sf hhz5lgdu\"><img loading=\"lazy\" decoding=\"async\" src=\"https:\/\/static.xx.fbcdn.net\/images\/emoji.php\/v9\/tc7\/1\/16\/2198.png\" alt=\"\u2198\ufe0f\" width=\"16\" height=\"16\" \/><\/span><\/div>\n<div dir=\"auto\"><a class=\"oajrlxb2 g5ia77u1 qu0x051f esr5mh6w e9989ue4 r7d6kgcz rq0escxv nhd2j8a9 nc684nl6 p7hjln8o kvgmc6g5 cxmmr5t8 oygrvhab hcukyx3x jb3vyjys rz4wbd8a qt6c0cv9 a8nywdso i1ao9s8h esuyzwwr f1sip0of lzcic4wl py34i1dx gpro0wi8\" tabindex=\"0\" role=\"link\" href=\"https:\/\/l.facebook.com\/l.php?u=http%3A%2F%2Fwww.tierhilfe-alf.de%2FVermittlung%2FSelbstauskunft%2FSelbstauskunftWP.htm%3Ffbclid%3DIwAR1-cLuGr3Yx3Xa43j0h4N0cASfLAd01Eiodwm2yrwkeoxk3xsJU9SeWQRs&amp;h=AT0iPSkB2wvo0l5hLmHlrCoUIFbgqwQJL-GDlLEZPwCPs6j0OxbOKMeCrzrTRqw_RyCcfvOYa36_i1trF047TTnrV5OoFY5ZAo4hjTFryuaXjvk7u9ogGYWUaIP6i8inw6Ig&amp;__tn__=-UK-R&amp;c[0]=AT1ZyVM3vdtM-_KlgyfYJGu7XDl0-i4helcYncPZ--toaqd1i4HNnxdt23nByg4qI5zfzHcRzUEGIjQr3Lkib1euygw77kKIZjIQIYhzdlOJsUZilKy1KylDOGx2qXyYf449yKI4mzHDJ1q59d62IdDxTmOLCCVc4GGxdGrt9Hi50jaOSoGOrAJmGdrus90\" target=\"_blank\" rel=\"nofollow noopener noreferrer\">http:\/\/www.tierhilfe-alf.de\/Vermittlung\/Selbstauskunft\/SelbstauskunftWP.htm<\/a><\/div>\n<\/div>\n<div class=\"o9v6fnle cxmmr5t8 oygrvhab hcukyx3x c1et5uql ii04i59q\">\n<div dir=\"auto\">Oder sendet eine eMail an : <span class=\"q9uorilb tbxw36s4 knj5qynh kvgmc6g5 ditlmg2l oygrvhab nvdbi5me fgm26odu gl3lb2sf hhz5lgdu\"><img loading=\"lazy\" decoding=\"async\" src=\"https:\/\/static.xx.fbcdn.net\/images\/emoji.php\/v9\/tbe\/1\/16\/1f4e7.png\" alt=\"\ud83d\udce7\" width=\"16\" height=\"16\" \/><\/span><\/div>\n<div dir=\"auto\">anja@tierhilfe-alf.de<\/div>\n<\/div>\n<div class=\"o9v6fnle cxmmr5t8 oygrvhab hcukyx3x c1et5uql ii04i59q\">\n<div dir=\"auto\"><span class=\"q9uorilb tbxw36s4 knj5qynh kvgmc6g5 ditlmg2l oygrvhab nvdbi5me fgm26odu gl3lb2sf hhz5lgdu\"><img loading=\"lazy\" decoding=\"async\" src=\"https:\/\/static.xx.fbcdn.net\/images\/emoji.php\/v9\/tdc\/1\/16\/26a0.png\" alt=\"\u26a0\ufe0f\" width=\"16\" height=\"16\" \/><\/span>Unsere Hunde sind bei Abreise, gechipt, geimpft, entwurmt, kastriert und auf die g\u00e4ngigsten Mittelmeerkrankheiten getestet und kommen mit EU-Pass.<\/div>\n<\/div>\n<\/div>\n<\/div>\n<\/div>\n<\/div>\n","protected":false},"excerpt":{"rendered":"<p>Name: Mario Rasse: Mestizo Geschlecht: R\u00fcde &#8218; kastriert Geboren: Mai 2017 Gr\u00f6sse: SH 65 cm Gewicht: 28 kg Aufenthaltsort: Spanien- Tierheim (Jumilla) Streunernd \u00fcbers Land, ganz auf sich gestellt wurde Mario gefunden und ins Terheim gebracht. Dort ist er die gr\u00f6\u00dfte Schmusebacke &#8218; und das ist nicht auf seine Gr\u00f6sse bezogen! Nein&#8216; er umarmt die &hellip; <a href=\"http:\/\/tierhilfe-alf.de\/ALF\/?product=mario-geb-05-2017-jumilla\" class=\"more-link\"><span class=\"screen-reader-text\">Mario<\/span> weiterlesen <span class=\"meta-nav\">&rarr;<\/span><\/a><\/p>\n","protected":false},"featured_media":14972,"comment_status":"closed","ping_status":"closed","template":"","meta":[],"product_cat":[88],"product_tag":[],"_links":{"self":[{"href":"http:\/\/tierhilfe-alf.de\/ALF\/index.php?rest_route=\/wp\/v2\/product\/14962"}],"collection":[{"href":"http:\/\/tierhilfe-alf.de\/ALF\/index.php?rest_route=\/wp\/v2\/product"}],"about":[{"href":"http:\/\/tierhilfe-alf.de\/ALF\/index.php?rest_route=\/wp\/v2\/types\/product"}],"replies":[{"embeddable":true,"href":"http:\/\/tierhilfe-alf.de\/ALF\/index.php?rest_route=%2Fwp%2Fv2%2Fcomments&post=14962"}],"wp:featuredmedia":[{"embeddable":true,"href":"http:\/\/tierhilfe-alf.de\/ALF\/index.php?rest_route=\/wp\/v2\/media\/14972"}],"wp:attachment":[{"href":"http:\/\/tierhilfe-alf.de\/ALF\/index.php?rest_route=%2Fwp%2Fv2%2Fmedia&parent=14962"}],"wp:term":[{"taxonomy":"product_cat","embeddable":true,"href":"http:\/\/tierhilfe-alf.de\/ALF\/index.php?rest_route=%2Fwp%2Fv2%2Fproduct_cat&post=14962"},{"taxonomy":"product_tag","embeddable":true,"href":"http:\/\/tierhilfe-alf.de\/ALF\/index.php?rest_route=%2Fwp%2Fv2%2Fproduct_tag&post=14962"}],"curies":[{"name":"wp","href":"https:\/\/api.w.org\/{rel}","templated":true}]}}