{"id":15215,"date":"2020-08-31T22:58:19","date_gmt":"2020-08-31T20:58:19","guid":{"rendered":"http:\/\/tierhilfe-alf.de\/ALF\/?post_type=product&#038;p=15215"},"modified":"2021-09-22T19:24:20","modified_gmt":"2021-09-22T17:24:20","slug":"mausi-geb-2013-carmen","status":"publish","type":"product","link":"http:\/\/tierhilfe-alf.de\/ALF\/?product=mausi-geb-2013-carmen","title":{"rendered":"Mausi"},"content":{"rendered":"<div class=\"kvgmc6g5 cxmmr5t8 oygrvhab hcukyx3x c1et5uql ii04i59q\">\n<div dir=\"auto\">Name: Mausi<\/div>\n<div dir=\"auto\">Rasse: Zwergspitz<\/div>\n<div dir=\"auto\">Geschlecht: H\u00fcndin<\/div>\n<div dir=\"auto\">Geboren: 2013<\/div>\n<div dir=\"auto\">Gr\u00f6sse: 35 cm<\/div>\n<div dir=\"auto\">Aufenthaltsort: Spanien \/ Z\u00fcchter <span class=\"q9uorilb tbxw36s4 knj5qynh kvgmc6g5 ditlmg2l oygrvhab nvdbi5me fgm26odu gl3lb2sf hhz5lgdu\"><img loading=\"lazy\" decoding=\"async\" src=\"https:\/\/static.xx.fbcdn.net\/images\/emoji.php\/v9\/tdd\/1\/16\/274c.png\" alt=\"\u274c\" width=\"16\" height=\"16\" \/><\/span>(Carmen)<\/div>\n<\/div>\n<div class=\"o9v6fnle cxmmr5t8 oygrvhab hcukyx3x c1et5uql ii04i59q\">\n<div dir=\"auto\">Diese kleine, s\u00fcsse H\u00fcndin sucht schnell ein sch\u00f6nes Zuhause! Wir haben leider nur das eine Bild <span class=\"q9uorilb tbxw36s4 knj5qynh kvgmc6g5 ditlmg2l oygrvhab nvdbi5me fgm26odu gl3lb2sf hhz5lgdu\"><img loading=\"lazy\" decoding=\"async\" src=\"https:\/\/static.xx.fbcdn.net\/images\/emoji.php\/v9\/t71\/1\/16\/1f614.png\" alt=\"\ud83d\ude14\" width=\"16\" height=\"16\" \/><\/span>, da sie sich noch beim Z\u00fcchter in Spanien befindet! &#8230;.Jahrelang als Geb\u00e4rmaschine missbraucht, ohne Liebe und kein w\u00fcrdiges Hundeleben <span class=\"q9uorilb tbxw36s4 knj5qynh kvgmc6g5 ditlmg2l oygrvhab nvdbi5me fgm26odu gl3lb2sf hhz5lgdu\"><img loading=\"lazy\" decoding=\"async\" src=\"https:\/\/static.xx.fbcdn.net\/images\/emoji.php\/v9\/t9b\/1\/16\/1f97a.png\" alt=\"\ud83e\udd7a\" width=\"16\" height=\"16\" \/><\/span>&#8230;Und nun hat Sie ausgesorgt! Sie soll weg! &#8230;.so schnell es geht!!!!<\/div>\n<div dir=\"auto\"><span class=\"q9uorilb tbxw36s4 knj5qynh kvgmc6g5 ditlmg2l oygrvhab nvdbi5me fgm26odu gl3lb2sf hhz5lgdu\"><img loading=\"lazy\" decoding=\"async\" src=\"https:\/\/static.xx.fbcdn.net\/images\/emoji.php\/v9\/tdd\/1\/16\/274c.png\" alt=\"\u274c\" width=\"16\" height=\"16\" \/><\/span><span class=\"q9uorilb tbxw36s4 knj5qynh kvgmc6g5 ditlmg2l oygrvhab nvdbi5me fgm26odu gl3lb2sf hhz5lgdu\"><img loading=\"lazy\" decoding=\"async\" src=\"https:\/\/static.xx.fbcdn.net\/images\/emoji.php\/v9\/tdd\/1\/16\/274c.png\" alt=\"\u274c\" width=\"16\" height=\"16\" \/><\/span><span class=\"q9uorilb tbxw36s4 knj5qynh kvgmc6g5 ditlmg2l oygrvhab nvdbi5me fgm26odu gl3lb2sf hhz5lgdu\"><img loading=\"lazy\" decoding=\"async\" src=\"https:\/\/static.xx.fbcdn.net\/images\/emoji.php\/v9\/tdd\/1\/16\/274c.png\" alt=\"\u274c\" width=\"16\" height=\"16\" \/><\/span><span class=\"q9uorilb tbxw36s4 knj5qynh kvgmc6g5 ditlmg2l oygrvhab nvdbi5me fgm26odu gl3lb2sf hhz5lgdu\"><img loading=\"lazy\" decoding=\"async\" src=\"https:\/\/static.xx.fbcdn.net\/images\/emoji.php\/v9\/tdd\/1\/16\/274c.png\" alt=\"\u274c\" width=\"16\" height=\"16\" \/><\/span><span class=\"q9uorilb tbxw36s4 knj5qynh kvgmc6g5 ditlmg2l oygrvhab nvdbi5me fgm26odu gl3lb2sf hhz5lgdu\"><img loading=\"lazy\" decoding=\"async\" src=\"https:\/\/static.xx.fbcdn.net\/images\/emoji.php\/v9\/tdd\/1\/16\/274c.png\" alt=\"\u274c\" width=\"16\" height=\"16\" \/><\/span><span class=\"q9uorilb tbxw36s4 knj5qynh kvgmc6g5 ditlmg2l oygrvhab nvdbi5me fgm26odu gl3lb2sf hhz5lgdu\"><img loading=\"lazy\" decoding=\"async\" src=\"https:\/\/static.xx.fbcdn.net\/images\/emoji.php\/v9\/tdd\/1\/16\/274c.png\" alt=\"\u274c\" width=\"16\" height=\"16\" \/><\/span><span class=\"q9uorilb tbxw36s4 knj5qynh kvgmc6g5 ditlmg2l oygrvhab nvdbi5me fgm26odu gl3lb2sf hhz5lgdu\"><img loading=\"lazy\" decoding=\"async\" src=\"https:\/\/static.xx.fbcdn.net\/images\/emoji.php\/v9\/tdd\/1\/16\/274c.png\" alt=\"\u274c\" width=\"16\" height=\"16\" \/><\/span><span class=\"q9uorilb tbxw36s4 knj5qynh kvgmc6g5 ditlmg2l oygrvhab nvdbi5me fgm26odu gl3lb2sf hhz5lgdu\"><img loading=\"lazy\" decoding=\"async\" src=\"https:\/\/static.xx.fbcdn.net\/images\/emoji.php\/v9\/tdd\/1\/16\/274c.png\" alt=\"\u274c\" width=\"16\" height=\"16\" \/><\/span><span class=\"q9uorilb tbxw36s4 knj5qynh kvgmc6g5 ditlmg2l oygrvhab nvdbi5me fgm26odu gl3lb2sf hhz5lgdu\"><img loading=\"lazy\" decoding=\"async\" src=\"https:\/\/static.xx.fbcdn.net\/images\/emoji.php\/v9\/tdd\/1\/16\/274c.png\" alt=\"\u274c\" width=\"16\" height=\"16\" \/><\/span><span class=\"q9uorilb tbxw36s4 knj5qynh kvgmc6g5 ditlmg2l oygrvhab nvdbi5me fgm26odu gl3lb2sf hhz5lgdu\"><img loading=\"lazy\" decoding=\"async\" src=\"https:\/\/static.xx.fbcdn.net\/images\/emoji.php\/v9\/tdd\/1\/16\/274c.png\" alt=\"\u274c\" width=\"16\" height=\"16\" \/><\/span><span class=\"q9uorilb tbxw36s4 knj5qynh kvgmc6g5 ditlmg2l oygrvhab nvdbi5me fgm26odu gl3lb2sf hhz5lgdu\"><img loading=\"lazy\" decoding=\"async\" src=\"https:\/\/static.xx.fbcdn.net\/images\/emoji.php\/v9\/tdd\/1\/16\/274c.png\" alt=\"\u274c\" width=\"16\" height=\"16\" \/><\/span><span class=\"q9uorilb tbxw36s4 knj5qynh kvgmc6g5 ditlmg2l oygrvhab nvdbi5me fgm26odu gl3lb2sf hhz5lgdu\"><img loading=\"lazy\" decoding=\"async\" src=\"https:\/\/static.xx.fbcdn.net\/images\/emoji.php\/v9\/tdd\/1\/16\/274c.png\" alt=\"\u274c\" width=\"16\" height=\"16\" \/><\/span><span class=\"q9uorilb tbxw36s4 knj5qynh kvgmc6g5 ditlmg2l oygrvhab nvdbi5me fgm26odu gl3lb2sf hhz5lgdu\"><img loading=\"lazy\" decoding=\"async\" src=\"https:\/\/static.xx.fbcdn.net\/images\/emoji.php\/v9\/tdd\/1\/16\/274c.png\" alt=\"\u274c\" width=\"16\" height=\"16\" \/><\/span><span class=\"q9uorilb tbxw36s4 knj5qynh kvgmc6g5 ditlmg2l oygrvhab nvdbi5me fgm26odu gl3lb2sf hhz5lgdu\"><img loading=\"lazy\" decoding=\"async\" src=\"https:\/\/static.xx.fbcdn.net\/images\/emoji.php\/v9\/tdd\/1\/16\/274c.png\" alt=\"\u274c\" width=\"16\" height=\"16\" \/><\/span><span class=\"q9uorilb tbxw36s4 knj5qynh kvgmc6g5 ditlmg2l oygrvhab nvdbi5me fgm26odu gl3lb2sf hhz5lgdu\"><img loading=\"lazy\" decoding=\"async\" src=\"https:\/\/static.xx.fbcdn.net\/images\/emoji.php\/v9\/tdd\/1\/16\/274c.png\" alt=\"\u274c\" width=\"16\" height=\"16\" \/><\/span><span class=\"q9uorilb tbxw36s4 knj5qynh kvgmc6g5 ditlmg2l oygrvhab nvdbi5me fgm26odu gl3lb2sf hhz5lgdu\"><img loading=\"lazy\" decoding=\"async\" src=\"https:\/\/static.xx.fbcdn.net\/images\/emoji.php\/v9\/tdd\/1\/16\/274c.png\" alt=\"\u274c\" width=\"16\" height=\"16\" \/><\/span><\/div>\n<div dir=\"auto\">Wir sind froh, dass wir die Chance haben ihr nun ein neues Leben zu erm\u00f6glich! Aber es muss schnell gehen, sonst wird er sie abgeben &#8218; T\u00f6tung !!!!! <span class=\"q9uorilb tbxw36s4 knj5qynh kvgmc6g5 ditlmg2l oygrvhab nvdbi5me fgm26odu gl3lb2sf hhz5lgdu\"><img loading=\"lazy\" decoding=\"async\" src=\"https:\/\/static.xx.fbcdn.net\/images\/emoji.php\/v9\/t91\/1\/16\/1f625.png\" alt=\"\ud83d\ude25\" width=\"16\" height=\"16\" \/><\/span><\/div>\n<\/div>\n<div class=\"o9v6fnle cxmmr5t8 oygrvhab hcukyx3x c1et5uql ii04i59q\">\n<div dir=\"auto\">Wir wissen von unserer lieben Tiersch\u00fctzerin vor Ort, dass diese kleine H\u00fcndin lieb zu Menschen ist und auch vertr\u00e4glich mit allen Artgenossen! <span class=\"q9uorilb tbxw36s4 knj5qynh kvgmc6g5 ditlmg2l oygrvhab nvdbi5me fgm26odu gl3lb2sf hhz5lgdu\"><img loading=\"lazy\" decoding=\"async\" src=\"https:\/\/static.xx.fbcdn.net\/images\/emoji.php\/v9\/tde\/1\/16\/1f43e.png\" alt=\"\ud83d\udc3e\" width=\"16\" height=\"16\" \/><\/span><\/div>\n<\/div>\n<div class=\"o9v6fnle cxmmr5t8 oygrvhab hcukyx3x c1et5uql ii04i59q\">\n<div dir=\"auto\">Wir w\u00fcnschen uns nun Jemanden zufinden, der ihr gerne endlich ein Leben in Liebe und Geborgenheit schenkt. Endlich Gras unter den Pfoten, endlich ein Kuschelk\u00f6rbchen, endlich ihre Familie die kleine Abenteuer mit ihr erlebt <span class=\"q9uorilb tbxw36s4 knj5qynh kvgmc6g5 ditlmg2l oygrvhab nvdbi5me fgm26odu gl3lb2sf hhz5lgdu\"><img loading=\"lazy\" decoding=\"async\" src=\"https:\/\/static.xx.fbcdn.net\/images\/emoji.php\/v9\/t6b\/1\/16\/1f333.png\" alt=\"\ud83c\udf33\" width=\"16\" height=\"16\" \/><\/span><span class=\"q9uorilb tbxw36s4 knj5qynh kvgmc6g5 ditlmg2l oygrvhab nvdbi5me fgm26odu gl3lb2sf hhz5lgdu\"><img loading=\"lazy\" decoding=\"async\" src=\"https:\/\/static.xx.fbcdn.net\/images\/emoji.php\/v9\/tde\/1\/16\/1f43e.png\" alt=\"\ud83d\udc3e\" width=\"16\" height=\"16\" \/><\/span><\/div>\n<div dir=\"auto\">Endlich ALLES nur f\u00fcr Sie !!! <span class=\"q9uorilb tbxw36s4 knj5qynh kvgmc6g5 ditlmg2l oygrvhab nvdbi5me fgm26odu gl3lb2sf hhz5lgdu\"><img loading=\"lazy\" decoding=\"async\" src=\"https:\/\/static.xx.fbcdn.net\/images\/emoji.php\/v9\/t19\/1\/16\/1f49f.png\" alt=\"\ud83d\udc9f\" width=\"16\" height=\"16\" \/><\/span><\/div>\n<\/div>\n<div class=\"o9v6fnle cxmmr5t8 oygrvhab hcukyx3x c1et5uql ii04i59q\">\n<div dir=\"auto\">Willst Du Mausi<span class=\"q9uorilb tbxw36s4 knj5qynh kvgmc6g5 ditlmg2l oygrvhab nvdbi5me fgm26odu gl3lb2sf hhz5lgdu\"><img loading=\"lazy\" decoding=\"async\" src=\"https:\/\/static.xx.fbcdn.net\/images\/emoji.php\/v9\/tac\/1\/16\/2665.png\" alt=\"\u2665\ufe0f\" width=\"16\" height=\"16\" \/><\/span> ein zuk\u00fcnftiges sch\u00f6nes und gl\u00fcckliches Leben bieten? <span class=\"q9uorilb tbxw36s4 knj5qynh kvgmc6g5 ditlmg2l oygrvhab nvdbi5me fgm26odu gl3lb2sf hhz5lgdu\"><img loading=\"lazy\" decoding=\"async\" src=\"https:\/\/static.xx.fbcdn.net\/images\/emoji.php\/v9\/t87\/1\/16\/1f340.png\" alt=\"\ud83c\udf40\" width=\"16\" height=\"16\" \/><\/span><\/div>\n<div dir=\"auto\">Dann f\u00fcllt bitte einfach die Selbstauskunft aus, wir melden uns dann zeitnah zur\u00fcck.<span class=\"q9uorilb tbxw36s4 knj5qynh kvgmc6g5 ditlmg2l oygrvhab nvdbi5me fgm26odu gl3lb2sf hhz5lgdu\"><img loading=\"lazy\" decoding=\"async\" src=\"https:\/\/static.xx.fbcdn.net\/images\/emoji.php\/v9\/tfc\/1\/16\/1f44d.png\" alt=\"\ud83d\udc4d\" width=\"16\" height=\"16\" \/><\/span><\/div>\n<\/div>\n<div class=\"o9v6fnle cxmmr5t8 oygrvhab hcukyx3x c1et5uql ii04i59q\">\n<div dir=\"auto\"><span class=\"q9uorilb tbxw36s4 knj5qynh kvgmc6g5 ditlmg2l oygrvhab nvdbi5me fgm26odu gl3lb2sf hhz5lgdu\"><img loading=\"lazy\" decoding=\"async\" src=\"https:\/\/static.xx.fbcdn.net\/images\/emoji.php\/v9\/tc7\/1\/16\/2198.png\" alt=\"\u2198\ufe0f\" width=\"16\" height=\"16\" \/><\/span><\/div>\n<div dir=\"auto\"><a class=\"oajrlxb2 g5ia77u1 qu0x051f esr5mh6w e9989ue4 r7d6kgcz rq0escxv nhd2j8a9 nc684nl6 p7hjln8o kvgmc6g5 cxmmr5t8 oygrvhab hcukyx3x jb3vyjys rz4wbd8a qt6c0cv9 a8nywdso i1ao9s8h esuyzwwr f1sip0of lzcic4wl py34i1dx gpro0wi8\" tabindex=\"0\" role=\"link\" href=\"http:\/\/www.tierhilfe-alf.de\/Vermittlung\/Selbstauskunft\/SelbstauskunftWP.htm?fbclid=IwAR2-o1vC_uejPHDVgNWfBd5WRdwitZqcE-QZas0U4fBwvZKhKAIiXmAViAM\" target=\"_blank\" rel=\"nofollow noopener noreferrer\">http:\/\/www.tierhilfe-alf.de\/Vermittlung\/Selbstauskunft\/SelbstauskunftWP.htm<\/a><\/div>\n<\/div>\n<div class=\"o9v6fnle cxmmr5t8 oygrvhab hcukyx3x c1et5uql ii04i59q\">\n<div dir=\"auto\">Oder sendet eine eMail an : <span class=\"q9uorilb tbxw36s4 knj5qynh kvgmc6g5 ditlmg2l oygrvhab nvdbi5me fgm26odu gl3lb2sf hhz5lgdu\"><img loading=\"lazy\" decoding=\"async\" src=\"https:\/\/static.xx.fbcdn.net\/images\/emoji.php\/v9\/tbe\/1\/16\/1f4e7.png\" alt=\"\ud83d\udce7\" width=\"16\" height=\"16\" \/><\/span><\/div>\n<div dir=\"auto\">anja@tierhilfe-alf.de<\/div>\n<\/div>\n<div class=\"o9v6fnle cxmmr5t8 oygrvhab hcukyx3x c1et5uql ii04i59q\">\n<div dir=\"auto\"><span class=\"q9uorilb tbxw36s4 knj5qynh kvgmc6g5 ditlmg2l oygrvhab nvdbi5me fgm26odu gl3lb2sf hhz5lgdu\"><img loading=\"lazy\" decoding=\"async\" src=\"https:\/\/static.xx.fbcdn.net\/images\/emoji.php\/v9\/tdc\/1\/16\/26a0.png\" alt=\"\u26a0\ufe0f\" width=\"16\" height=\"16\" \/><\/span>Unsere Hunde sind bei Abreise, gechipt, geimpft, entwurmt, kastriert und auf die g\u00e4ngigsten Mittelmeerkrankheiten getestet und kommen mit EU-Pass.<\/div>\n<\/div>\n","protected":false},"excerpt":{"rendered":"<p>Name: Mausi Rasse: Zwergspitz Geschlecht: H\u00fcndin Geboren: 2013 Gr\u00f6sse: 35 cm Aufenthaltsort: Spanien \/ Z\u00fcchter (Carmen) Diese kleine, s\u00fcsse H\u00fcndin sucht schnell ein sch\u00f6nes Zuhause! Wir haben leider nur das eine Bild , da sie sich noch beim Z\u00fcchter in Spanien befindet! &#8230;.Jahrelang als Geb\u00e4rmaschine missbraucht, ohne Liebe und kein w\u00fcrdiges Hundeleben &#8230;Und nun hat &hellip; <a href=\"http:\/\/tierhilfe-alf.de\/ALF\/?product=mausi-geb-2013-carmen\" class=\"more-link\"><span class=\"screen-reader-text\">Mausi<\/span> weiterlesen <span class=\"meta-nav\">&rarr;<\/span><\/a><\/p>\n","protected":false},"featured_media":15216,"comment_status":"closed","ping_status":"closed","template":"","meta":[],"product_cat":[88],"product_tag":[],"_links":{"self":[{"href":"http:\/\/tierhilfe-alf.de\/ALF\/index.php?rest_route=\/wp\/v2\/product\/15215"}],"collection":[{"href":"http:\/\/tierhilfe-alf.de\/ALF\/index.php?rest_route=\/wp\/v2\/product"}],"about":[{"href":"http:\/\/tierhilfe-alf.de\/ALF\/index.php?rest_route=\/wp\/v2\/types\/product"}],"replies":[{"embeddable":true,"href":"http:\/\/tierhilfe-alf.de\/ALF\/index.php?rest_route=%2Fwp%2Fv2%2Fcomments&post=15215"}],"wp:featuredmedia":[{"embeddable":true,"href":"http:\/\/tierhilfe-alf.de\/ALF\/index.php?rest_route=\/wp\/v2\/media\/15216"}],"wp:attachment":[{"href":"http:\/\/tierhilfe-alf.de\/ALF\/index.php?rest_route=%2Fwp%2Fv2%2Fmedia&parent=15215"}],"wp:term":[{"taxonomy":"product_cat","embeddable":true,"href":"http:\/\/tierhilfe-alf.de\/ALF\/index.php?rest_route=%2Fwp%2Fv2%2Fproduct_cat&post=15215"},{"taxonomy":"product_tag","embeddable":true,"href":"http:\/\/tierhilfe-alf.de\/ALF\/index.php?rest_route=%2Fwp%2Fv2%2Fproduct_tag&post=15215"}],"curies":[{"name":"wp","href":"https:\/\/api.w.org\/{rel}","templated":true}]}}