{"id":18114,"date":"2024-11-29T19:27:57","date_gmt":"2024-11-29T17:27:57","guid":{"rendered":"https:\/\/tierhilfe-alf.de\/ALF\/?post_type=product&#038;p=18114"},"modified":"2024-11-29T19:27:58","modified_gmt":"2024-11-29T17:27:58","slug":"jake-geb-2020","status":"publish","type":"product","link":"http:\/\/tierhilfe-alf.de\/ALF\/?product=jake-geb-2020","title":{"rendered":"Jake Geb.: 2020"},"content":{"rendered":"<p>Jake ist ein vier Jahre alter, lebensfroher Hund mit einer Schulterh\u00f6he von 43 cm. Seine gr\u00f6\u00dfte Freude ist der enge Kontakt zu seinen vertrauten Bezugspersonen. Zuhause sucht er aktiv die N\u00e4he und W\u00e4rme seiner Menschen, sowohl k\u00f6rperlich als auch emotional. Dieser starke Bindungswille f\u00fchrt jedoch dazu, dass Jake seine Bezugspersonen besch\u00fctzen m\u00f6chte. Fremden gegen\u00fcber zeigt er sich deshalb verteidigend, besonders wenn sie ihm zu nahe kommen. Dabei verankert er sich im Boden und bellt laut, um Distanz aufzubauen \u2013 jedoch ohne jemals bissig geworden zu sein!<\/p>\n<p>Jake zeigt Ressourcenverteidigung bei seinem Futter und ausschlie\u00dflich zur Futterzeit. Andere Dinge wie Essen, auf dem Boden liegende Gegenst\u00e4nde oder Leckerlis sind KEIN Problem. Lediglich zur Futterzeit ist er angespannt und zeigt das durch seine K\u00f6rpersprache, wie eine aufgestellte B\u00fcrste und eine angespannte Rute. Trotzdem haben wir die Situation gut im Griff: Jake wartet ruhig, bis der Napf fertig ist und abgestellt wird. ( Durch den Trainer in Griff bekommen )<\/p>\n<p>An der Leine l\u00e4uft Jake gut, solange keine anderen Hunde oder Futterreize in der N\u00e4he sind. Bei Begegnungen mit anderen angeleinten Hunden bellt er gelegentlich. Ohne Leine verh\u00e4lt er sich hingegen anders: Er ist verspielt, manchmal etwas aufdringlich, versteht jedoch ein klares \u201eNein\u201c \u2013 auch von kleineren Hunden wie Dackeln.<\/p>\n<p>Jakes Lieblingsbesch\u00e4ftigungen sind Spazierg\u00e4nge mit seinen Menschen, besonders im Wald ohne Leine. Dort zeigt er beeindruckenden Gehorsam: Abruf funktioniert auch bei Ablenkungen wie Rehen oder Hasen, und beim Signal \u201eStopp\u201c setzt er sich zuverl\u00e4ssig auf beliebige Entfernung hin und wartet. Jake ist sehr lernfreudig, intelligent und liebt es, geistig und k\u00f6rperlich gefordert zu werden, etwa durch Suchspiele, Frisbee oder Ballspiele. Je ausgelasteter er ist, desto entspannter zeigt er sich im Alltag.<\/p>\n<p>Jake hat allerdings eine starke Meinung, wenn ihm etwas nicht gef\u00e4llt. Wenn er zum Beispiel auf seinen Platz geschickt wird, gehorcht er zwar, aber manchmal knurrt er leise, um seinen Unmut zu \u00e4u\u00dfern. Insgesamt braucht Jake klare F\u00fchrung und souver\u00e4ne Bezugspersonen, die ihm Sicherheit, Struktur und Grenzen geben.<\/p>\n<p>Wir sind mit Jake aktuell bei einem erfahrenen Trainer, der uns dabei unterst\u00fctzt, sein Verhalten besser zu verstehen und zu managen. Jakes Motivation, sich verteidigend zu verhalten, r\u00fchrt daher, dass er glaubt, Verantwortung \u00fcbernehmen zu m\u00fcssen. Leider k\u00f6nnen wir ihm aufgrund ver\u00e4nderter Lebensumst\u00e4nde nicht mehr die F\u00fchrung geben, die er braucht, obwohl wir es seit drei Jahren versucht haben.<\/p>\n<p>Bei Interesse k\u00f6nnen wir selbstverst\u00e4ndlich den Kontakt zu seinem Trainer herstellen, um Jakes Fortschritte und Verhalten detaillierter zu besprechen. Au\u00dferdem k\u00f6nnen wir nachweisen, dass Jake gesundheitlich in absolut einwandfreiem Zustand ist.<\/p>\n<p>Jake sucht ein neues Zuhause bei souver\u00e4nen, hundeerfahrenen Menschen, die ihm klare F\u00fchrung, Struktur und Sicherheit geben, ihm Verantwortung abnehmen und gleichzeitig die Liebe schenken, die er verdient. Wir m\u00fcssen uns leider eingestehen, dass wir es nicht k\u00f6nnen.<\/p>\n<div style=\"width: 474px;\" class=\"wp-video\"><!--[if lt IE 9]><script>document.createElement('video');<\/script><![endif]-->\n<video class=\"wp-video-shortcode\" id=\"video-18114-1\" width=\"474\" height=\"268\" preload=\"metadata\" controls=\"controls\"><source type=\"video\/mp4\" src=\"http:\/\/tierhilfe-alf.de\/ALF\/wp-content\/uploads\/2024\/11\/VID-20241129-WA0018.mp4?_=1\" \/><a href=\"http:\/\/tierhilfe-alf.de\/ALF\/wp-content\/uploads\/2024\/11\/VID-20241129-WA0018.mp4\">http:\/\/tierhilfe-alf.de\/ALF\/wp-content\/uploads\/2024\/11\/VID-20241129-WA0018.mp4<\/a><\/video><\/div>\n<div style=\"width: 474px;\" class=\"wp-video\"><video class=\"wp-video-shortcode\" id=\"video-18114-2\" width=\"474\" height=\"268\" preload=\"metadata\" controls=\"controls\"><source type=\"video\/mp4\" src=\"http:\/\/tierhilfe-alf.de\/ALF\/wp-content\/uploads\/2024\/11\/VID-20241129-WA0017.mp4?_=2\" \/><a href=\"http:\/\/tierhilfe-alf.de\/ALF\/wp-content\/uploads\/2024\/11\/VID-20241129-WA0017.mp4\">http:\/\/tierhilfe-alf.de\/ALF\/wp-content\/uploads\/2024\/11\/VID-20241129-WA0017.mp4<\/a><\/video><\/div>\n<div style=\"width: 474px;\" class=\"wp-video\"><video class=\"wp-video-shortcode\" id=\"video-18114-3\" width=\"474\" height=\"268\" preload=\"metadata\" controls=\"controls\"><source type=\"video\/mp4\" src=\"http:\/\/tierhilfe-alf.de\/ALF\/wp-content\/uploads\/2024\/11\/VID-20241129-WA0016.mp4?_=3\" \/><a href=\"http:\/\/tierhilfe-alf.de\/ALF\/wp-content\/uploads\/2024\/11\/VID-20241129-WA0016.mp4\">http:\/\/tierhilfe-alf.de\/ALF\/wp-content\/uploads\/2024\/11\/VID-20241129-WA0016.mp4<\/a><\/video><\/div>\n<div style=\"width: 474px;\" class=\"wp-video\"><video class=\"wp-video-shortcode\" id=\"video-18114-4\" width=\"474\" height=\"837\" preload=\"metadata\" controls=\"controls\"><source type=\"video\/mp4\" src=\"http:\/\/tierhilfe-alf.de\/ALF\/wp-content\/uploads\/2024\/11\/VID-20241129-WA0015.mp4?_=4\" \/><a href=\"http:\/\/tierhilfe-alf.de\/ALF\/wp-content\/uploads\/2024\/11\/VID-20241129-WA0015.mp4\">http:\/\/tierhilfe-alf.de\/ALF\/wp-content\/uploads\/2024\/11\/VID-20241129-WA0015.mp4<\/a><\/video><\/div>\n","protected":false},"excerpt":{"rendered":"<p>Jake ist ein vier Jahre alter, lebensfroher Hund mit einer Schulterh\u00f6he von 43 cm. Seine gr\u00f6\u00dfte Freude ist der enge Kontakt zu seinen vertrauten Bezugspersonen. Zuhause sucht er aktiv die N\u00e4he und W\u00e4rme seiner Menschen, sowohl k\u00f6rperlich als auch emotional. Dieser starke Bindungswille f\u00fchrt jedoch dazu, dass Jake seine Bezugspersonen besch\u00fctzen m\u00f6chte. Fremden gegen\u00fcber zeigt &hellip; <a href=\"http:\/\/tierhilfe-alf.de\/ALF\/?product=jake-geb-2020\" class=\"more-link\"><span class=\"screen-reader-text\">Jake Geb.: 2020<\/span> weiterlesen <span class=\"meta-nav\">&rarr;<\/span><\/a><\/p>\n","protected":false},"featured_media":18103,"comment_status":"closed","ping_status":"closed","template":"","meta":[],"product_cat":[17,91,15],"product_tag":[],"_links":{"self":[{"href":"http:\/\/tierhilfe-alf.de\/ALF\/index.php?rest_route=\/wp\/v2\/product\/18114"}],"collection":[{"href":"http:\/\/tierhilfe-alf.de\/ALF\/index.php?rest_route=\/wp\/v2\/product"}],"about":[{"href":"http:\/\/tierhilfe-alf.de\/ALF\/index.php?rest_route=\/wp\/v2\/types\/product"}],"replies":[{"embeddable":true,"href":"http:\/\/tierhilfe-alf.de\/ALF\/index.php?rest_route=%2Fwp%2Fv2%2Fcomments&post=18114"}],"wp:featuredmedia":[{"embeddable":true,"href":"http:\/\/tierhilfe-alf.de\/ALF\/index.php?rest_route=\/wp\/v2\/media\/18103"}],"wp:attachment":[{"href":"http:\/\/tierhilfe-alf.de\/ALF\/index.php?rest_route=%2Fwp%2Fv2%2Fmedia&parent=18114"}],"wp:term":[{"taxonomy":"product_cat","embeddable":true,"href":"http:\/\/tierhilfe-alf.de\/ALF\/index.php?rest_route=%2Fwp%2Fv2%2Fproduct_cat&post=18114"},{"taxonomy":"product_tag","embeddable":true,"href":"http:\/\/tierhilfe-alf.de\/ALF\/index.php?rest_route=%2Fwp%2Fv2%2Fproduct_tag&post=18114"}],"curies":[{"name":"wp","href":"https:\/\/api.w.org\/{rel}","templated":true}]}}